{"id":4110,"date":"2021-09-10T15:42:57","date_gmt":"2021-09-10T15:42:57","guid":{"rendered":"https:\/\/marfdisegno.com\/?page_id=4110"},"modified":"2025-05-19T00:20:58","modified_gmt":"2025-05-19T03:20:58","slug":"politica-de-privacidad","status":"publish","type":"page","link":"https:\/\/marfdisegno.com\/es\/politica-de-privacidad\/","title":{"rendered":"Pol\u00edtica de Privacidad"},"content":{"rendered":"\t\t<div data-elementor-type=\"wp-page\" data-elementor-id=\"4110\" class=\"elementor elementor-4110\" data-elementor-post-type=\"page\">\n\t\t\t\t\t\t<section class=\"elementor-section elementor-top-section elementor-element elementor-element-f6035af elementor-section-full_width elementor-section-height-min-height elementor-section-stretched elementor-section-height-default elementor-section-items-middle\" data-id=\"f6035af\" data-element_type=\"section\" data-e-type=\"section\" id=\"caput\" data-settings=\"{&quot;stretch_section&quot;:&quot;section-stretched&quot;,&quot;background_background&quot;:&quot;gradient&quot;}\">\n\t\t\t\t\t\t\t<div class=\"elementor-background-overlay\"><\/div>\n\t\t\t\t\t\t\t<div class=\"elementor-container elementor-column-gap-default\">\n\t\t\t\t\t<div class=\"elementor-column elementor-col-100 elementor-top-column elementor-element elementor-element-2bb2b4c5\" data-id=\"2bb2b4c5\" data-element_type=\"column\" data-e-type=\"column\" data-settings=\"{&quot;background_background&quot;:&quot;classic&quot;}\">\n\t\t\t<div class=\"elementor-widget-wrap elementor-element-populated\">\n\t\t\t\t\t\t<section class=\"elementor-section elementor-inner-section elementor-element elementor-element-6c3a146e elementor-section-content-middle elementor-section-boxed elementor-section-height-default elementor-section-height-default\" data-id=\"6c3a146e\" data-element_type=\"section\" data-e-type=\"section\">\n\t\t\t\t\t\t<div class=\"elementor-container elementor-column-gap-default\">\n\t\t\t\t\t<div class=\"elementor-column elementor-col-50 elementor-inner-column elementor-element elementor-element-6316e3a0\" data-id=\"6316e3a0\" data-element_type=\"column\" data-e-type=\"column\">\n\t\t\t<div class=\"elementor-widget-wrap elementor-element-populated\">\n\t\t\t\t\t\t\t<\/div>\n\t\t<\/div>\n\t\t\t\t<div class=\"elementor-column elementor-col-50 elementor-inner-column elementor-element elementor-element-6fe8df5\" data-id=\"6fe8df5\" data-element_type=\"column\" data-e-type=\"column\">\n\t\t\t<div class=\"elementor-widget-wrap elementor-element-populated\">\n\t\t\t\t\t\t<div class=\"elementor-element elementor-element-7e8693e5 elementor-align-left elementor-tablet-align-center elementor-widget elementor-widget-lottie\" data-id=\"7e8693e5\" data-element_type=\"widget\" data-e-type=\"widget\" data-settings=\"{&quot;source_json&quot;:{&quot;url&quot;:&quot;https:\\\/\\\/marfdisegno.com\\\/wp-content\\\/uploads\\\/2024\\\/09\\\/Flecha_bajar.json&quot;,&quot;id&quot;:16341,&quot;size&quot;:&quot;&quot;,&quot;alt&quot;:&quot;&quot;,&quot;source&quot;:&quot;library&quot;},&quot;link_to&quot;:&quot;custom&quot;,&quot;custom_link&quot;:{&quot;url&quot;:&quot;#primer&quot;,&quot;is_external&quot;:&quot;&quot;,&quot;nofollow&quot;:&quot;&quot;,&quot;custom_attributes&quot;:&quot;&quot;},&quot;loop&quot;:&quot;yes&quot;,&quot;play_speed&quot;:{&quot;unit&quot;:&quot;px&quot;,&quot;size&quot;:0.7,&quot;sizes&quot;:[]},&quot;source&quot;:&quot;media_file&quot;,&quot;caption_source&quot;:&quot;none&quot;,&quot;trigger&quot;:&quot;arriving_to_viewport&quot;,&quot;viewport&quot;:{&quot;unit&quot;:&quot;%&quot;,&quot;size&quot;:&quot;&quot;,&quot;sizes&quot;:{&quot;start&quot;:0,&quot;end&quot;:100}},&quot;start_point&quot;:{&quot;unit&quot;:&quot;%&quot;,&quot;size&quot;:0,&quot;sizes&quot;:[]},&quot;end_point&quot;:{&quot;unit&quot;:&quot;%&quot;,&quot;size&quot;:100,&quot;sizes&quot;:[]},&quot;renderer&quot;:&quot;svg&quot;}\" data-widget_type=\"lottie.default\">\n\t\t\t\t<div class=\"elementor-widget-container\">\n\t\t\t\t\t<a class=\"e-lottie__container__link\" href=\"#primer\"><div class=\"e-lottie__container\"><div class=\"e-lottie__animation\"><\/div><\/div><\/a>\t\t\t\t<\/div>\n\t\t\t\t<\/div>\n\t\t\t\t\t<\/div>\n\t\t<\/div>\n\t\t\t\t\t<\/div>\n\t\t<\/section>\n\t\t\t\t\t<\/div>\n\t\t<\/div>\n\t\t\t\t\t<\/div>\n\t\t<\/section>\n\t\t\t\t<section class=\"elementor-section elementor-top-section elementor-element elementor-element-a66fdcd elementor-section-boxed elementor-section-height-default elementor-section-height-default\" data-id=\"a66fdcd\" data-element_type=\"section\" data-e-type=\"section\">\n\t\t\t\t\t\t<div class=\"elementor-container elementor-column-gap-default\">\n\t\t\t\t\t<div class=\"elementor-column elementor-col-100 elementor-top-column elementor-element elementor-element-3c6b47e\" data-id=\"3c6b47e\" data-element_type=\"column\" data-e-type=\"column\">\n\t\t\t<div class=\"elementor-widget-wrap elementor-element-populated\">\n\t\t\t\t\t\t<div class=\"elementor-element elementor-element-41255e5 elementor-widget elementor-widget-menu-anchor\" data-id=\"41255e5\" data-element_type=\"widget\" data-e-type=\"widget\" data-settings=\"{&quot;motion_fx_motion_fx_scrolling&quot;:&quot;yes&quot;,&quot;motion_fx_range&quot;:&quot;page&quot;,&quot;motion_fx_devices&quot;:[&quot;desktop&quot;,&quot;tablet&quot;,&quot;mobile&quot;]}\" data-widget_type=\"menu-anchor.default\">\n\t\t\t\t<div class=\"elementor-widget-container\">\n\t\t\t\t\t\t\t<div class=\"elementor-menu-anchor\" id=\"primer\"><\/div>\n\t\t\t\t\t\t<\/div>\n\t\t\t\t<\/div>\n\t\t\t\t<div class=\"elementor-element elementor-element-7a97082 elementor-widget elementor-widget-heading\" data-id=\"7a97082\" data-element_type=\"widget\" data-e-type=\"widget\" data-widget_type=\"heading.default\">\n\t\t\t\t<div class=\"elementor-widget-container\">\n\t\t\t\t\t<h3 class=\"elementor-heading-title elementor-size-default\">V\u00e1lida a contar del 1 de enero de 2025\n<\/h3>\t\t\t\t<\/div>\n\t\t\t\t<\/div>\n\t\t\t\t<div class=\"elementor-element elementor-element-5727198 elementor-widget elementor-widget-heading\" data-id=\"5727198\" data-element_type=\"widget\" data-e-type=\"widget\" data-widget_type=\"heading.default\">\n\t\t\t\t<div class=\"elementor-widget-container\">\n\t\t\t\t\t<h3 class=\"elementor-heading-title elementor-size-default\">Pol\u00edtica de Privacidad <br>\nA. Introducci\u00f3n\n<\/h3>\t\t\t\t<\/div>\n\t\t\t\t<\/div>\n\t\t\t\t<div class=\"elementor-element elementor-element-0a1e359 elementor-widget elementor-widget-heading\" data-id=\"0a1e359\" data-element_type=\"widget\" data-e-type=\"widget\" data-widget_type=\"heading.default\">\n\t\t\t\t<div class=\"elementor-widget-container\">\n\t\t\t\t\t<p class=\"elementor-heading-title elementor-size-default\">En Marf Disegno la privacidad de nuestros usuarios es de suma importancia. Estamos comprometidos a proteger y gestionar de manera transparente la informaci\u00f3n personal que recopilamos. Esta pol\u00edtica detalla c\u00f3mo recopilamos, utilizamos y protegemos su informaci\u00f3n personal, as\u00ed como sus derechos al respecto. <\/p>\t\t\t\t<\/div>\n\t\t\t\t<\/div>\n\t\t\t\t<div class=\"elementor-element elementor-element-3a0c480 elementor-widget elementor-widget-heading\" data-id=\"3a0c480\" data-element_type=\"widget\" data-e-type=\"widget\" data-widget_type=\"heading.default\">\n\t\t\t\t<div class=\"elementor-widget-container\">\n\t\t\t\t\t<p class=\"elementor-heading-title elementor-size-default\">\n1.\tLa privacidad de los visitantes de nuestros sitios web (Marf Disegno \/ Ars Focus \/ Inzzpira \/ Nocturx \/ Marf Fotograf\u00eda \/ Cualquier otro de nuestra propiedad o bajo nuestra direcci\u00f3n) es muy importante y estamos comprometidos a protegerla. Esta pol\u00edtica explica qu\u00e9 haremos con su informaci\u00f3n personal.<br><br>\n\n\n2.\tCuando usted nos visita por primera vez y da su consentimiento para el uso que le damos a las galletas inform\u00e1ticas (cookies), de conformidad con los t\u00e9rminos de esta pol\u00edtica, usted nos da permiso para usarlas cada vez que visita nuestro sitio web.\n<\/p>\t\t\t\t<\/div>\n\t\t\t\t<\/div>\n\t\t\t\t<div class=\"elementor-element elementor-element-842da19 elementor-widget elementor-widget-heading\" data-id=\"842da19\" data-element_type=\"widget\" data-e-type=\"widget\" data-widget_type=\"heading.default\">\n\t\t\t\t<div class=\"elementor-widget-container\">\n\t\t\t\t\t<h3 class=\"elementor-heading-title elementor-size-default\">B. Recopilaci\u00f3n de informaci\u00f3n personal<\/h3>\t\t\t\t<\/div>\n\t\t\t\t<\/div>\n\t\t\t\t<div class=\"elementor-element elementor-element-5e0e39c elementor-widget elementor-widget-heading\" data-id=\"5e0e39c\" data-element_type=\"widget\" data-e-type=\"widget\" data-widget_type=\"heading.default\">\n\t\t\t\t<div class=\"elementor-widget-container\">\n\t\t\t\t\t<p class=\"elementor-heading-title elementor-size-default\">Podemos recopilar y procesar los siguientes datos personales: <br><br>\n1.\tInformaci\u00f3n del dispositivo: Direcci\u00f3n IP, ubicaci\u00f3n geogr\u00e1fica, tipo y versi\u00f3n del navegador, sistema operativo. <br>\n2.\tDetalles de la visita al sitio: P\u00e1ginas visitadas, fuentes de referencia, duraci\u00f3n de la visita, rutas de navegaci\u00f3n.<br>\n3.\tDatos de contacto: Nombre, direcci\u00f3n de correo electr\u00f3nico, n\u00famero de tel\u00e9fono.<br>\n4.\tInformaci\u00f3n para servicios: Fotograf\u00edas, im\u00e1genes y otros archivos que proporcione.<br>\n5.\tDetalles de transacciones: Informaci\u00f3n de compras, direcciones de facturaci\u00f3n y env\u00edo, datos de pago (n\u00fameros de tarjeta, etc.).<br>\n6.\tContenido generado por el usuario: Comentarios, publicaciones, fotos de perfil.<br>\n7.\tMetadatos: Incluidos en las comunicaciones enviadas a trav\u00e9s de nuestro sitio web o correo electr\u00f3nico.<br>\n8.\tCualquier otra informaci\u00f3n personal que nos env\u00ede.\n<\/p>\t\t\t\t<\/div>\n\t\t\t\t<\/div>\n\t\t\t\t<div class=\"elementor-element elementor-element-5d8f36e elementor-widget elementor-widget-heading\" data-id=\"5d8f36e\" data-element_type=\"widget\" data-e-type=\"widget\" data-widget_type=\"heading.default\">\n\t\t\t\t<div class=\"elementor-widget-container\">\n\t\t\t\t\t<h3 class=\"elementor-heading-title elementor-size-default\">C. Uso de su informaci\u00f3n personal<\/h3>\t\t\t\t<\/div>\n\t\t\t\t<\/div>\n\t\t\t\t<div class=\"elementor-element elementor-element-3f2095e elementor-widget elementor-widget-heading\" data-id=\"3f2095e\" data-element_type=\"widget\" data-e-type=\"widget\" data-widget_type=\"heading.default\">\n\t\t\t\t<div class=\"elementor-widget-container\">\n\t\t\t\t\t<p class=\"elementor-heading-title elementor-size-default\">Utilizamos su informaci\u00f3n personal para: <br>\n\n1.\tAdministrar y personalizar el sitio web.<br>\n2.\tProveer productos y servicios adquiridos.<br>\n3.\tEnviar notificaciones, boletines y actualizaciones (si lo ha solicitado).<br>\n4.\tGestionar pagos y transacciones seguras.<br>\n5.\tResponder consultas y brindar soporte.<br>\n6.\tProteger nuestro sitio web contra fraudes y actividades ilegales.<br>\n7.\tCumplir con obligaciones legales.<br>\n8.\tRealizar an\u00e1lisis estad\u00edsticos (de forma anonimizada).<br><br>\n\nNota: Solo compartiremos su informaci\u00f3n personal con terceros para fines relacionados con los servicios prestados, siempre con su consentimiento o conforme a lo permitido por la ley. <br>\nSi usted env\u00eda informaci\u00f3n personal para su publicaci\u00f3n en nuestro sitio web, publicaremos y usaremos esa informaci\u00f3n de conformidad con la licencia que usted nos confiere.<br>\nSus ajustes de privacidad pueden usarse para limitar la publicaci\u00f3n de nuestra informaci\u00f3n en nuestro sitio web y puede ajustarse usando controles de privacidad en el sitio web.\nSin su consentimiento expl\u00edcito no proporcionaremos su informaci\u00f3n personal a ning\u00fan tercero para su marketing directo o el de otro tercero.\n<\/p>\t\t\t\t<\/div>\n\t\t\t\t<\/div>\n\t\t\t\t<div class=\"elementor-element elementor-element-55ee4dc elementor-widget elementor-widget-heading\" data-id=\"55ee4dc\" data-element_type=\"widget\" data-e-type=\"widget\" data-widget_type=\"heading.default\">\n\t\t\t\t<div class=\"elementor-widget-container\">\n\t\t\t\t\t<h3 class=\"elementor-heading-title elementor-size-default\">D. Divulgaci\u00f3n de informaci\u00f3n personal<\/h3>\t\t\t\t<\/div>\n\t\t\t\t<\/div>\n\t\t\t\t<div class=\"elementor-element elementor-element-b3dad49 elementor-widget elementor-widget-heading\" data-id=\"b3dad49\" data-element_type=\"widget\" data-e-type=\"widget\" data-widget_type=\"heading.default\">\n\t\t\t\t<div class=\"elementor-widget-container\">\n\t\t\t\t\t<p class=\"elementor-heading-title elementor-size-default\">Podremos compartir su informaci\u00f3n personal con: <br>\n\u2022\tEmpleados, proveedores o socios necesarios para la prestaci\u00f3n del servicio.<br>\n\u2022\tAutoridades competentes, cuando lo exija la ley.<br>\n\u2022\tCompradores potenciales en caso de una transacci\u00f3n comercial (fusiones, adquisiciones, etc.).<br>\n\nCon excepci\u00f3n de lo establecido por la ley, no proporcionaremos su informaci\u00f3n personal a terceros.\n\n<\/p>\t\t\t\t<\/div>\n\t\t\t\t<\/div>\n\t\t\t\t<div class=\"elementor-element elementor-element-2ddfdb7 elementor-widget elementor-widget-heading\" data-id=\"2ddfdb7\" data-element_type=\"widget\" data-e-type=\"widget\" data-widget_type=\"heading.default\">\n\t\t\t\t<div class=\"elementor-widget-container\">\n\t\t\t\t\t<h3 class=\"elementor-heading-title elementor-size-default\">E. Traspaso Internacional <\/h3>\t\t\t\t<\/div>\n\t\t\t\t<\/div>\n\t\t\t\t<div class=\"elementor-element elementor-element-f613ebd elementor-widget elementor-widget-heading\" data-id=\"f613ebd\" data-element_type=\"widget\" data-e-type=\"widget\" data-widget_type=\"heading.default\">\n\t\t\t\t<div class=\"elementor-widget-container\">\n\t\t\t\t\t<p class=\"elementor-heading-title elementor-size-default\">Podr\u00eda ocurrir que su informaci\u00f3n sea transferida y almacenada en servidores ubicados en pa\u00edses fuera de su lugar de residencia, incluyendo aquellos con leyes de protecci\u00f3n de datos menos estrictas. Tomamos las medidas necesarias para garantizar que sus datos est\u00e9n protegidos de acuerdo con esta pol\u00edtica.\n<\/p>\t\t\t\t<\/div>\n\t\t\t\t<\/div>\n\t\t\t\t<div class=\"elementor-element elementor-element-07111ad elementor-widget elementor-widget-heading\" data-id=\"07111ad\" data-element_type=\"widget\" data-e-type=\"widget\" data-widget_type=\"heading.default\">\n\t\t\t\t<div class=\"elementor-widget-container\">\n\t\t\t\t\t<h3 class=\"elementor-heading-title elementor-size-default\">F. Conservaci\u00f3n de Datos<\/h3>\t\t\t\t<\/div>\n\t\t\t\t<\/div>\n\t\t\t\t<div class=\"elementor-element elementor-element-4b59f3f elementor-widget elementor-widget-heading\" data-id=\"4b59f3f\" data-element_type=\"widget\" data-e-type=\"widget\" data-widget_type=\"heading.default\">\n\t\t\t\t<div class=\"elementor-widget-container\">\n\t\t\t\t\t<p class=\"elementor-heading-title elementor-size-default\">Mantendremos su informaci\u00f3n personal solo durante el tiempo necesario para los fines establecidos: <br>\n\u2022\tDatos relacionados con transacciones: Hasta 5 a\u00f1os por motivos legales.<br>\n\u2022\tDatos de contacto: Mientras sea necesario para la comunicaci\u00f3n.<br>\n\u2022\tOtros datos personales: Seg\u00fan lo exigido por la ley o hasta que ya no sean necesarios.\n<\/p>\t\t\t\t<\/div>\n\t\t\t\t<\/div>\n\t\t\t\t<div class=\"elementor-element elementor-element-cd4d8e0 elementor-widget elementor-widget-heading\" data-id=\"cd4d8e0\" data-element_type=\"widget\" data-e-type=\"widget\" data-widget_type=\"heading.default\">\n\t\t\t\t<div class=\"elementor-widget-container\">\n\t\t\t\t\t<h3 class=\"elementor-heading-title elementor-size-default\">G. Seguridad de su informaci\u00f3n personal<\/h3>\t\t\t\t<\/div>\n\t\t\t\t<\/div>\n\t\t\t\t<div class=\"elementor-element elementor-element-270cf1f elementor-widget elementor-widget-heading\" data-id=\"270cf1f\" data-element_type=\"widget\" data-e-type=\"widget\" data-widget_type=\"heading.default\">\n\t\t\t\t<div class=\"elementor-widget-container\">\n\t\t\t\t\t<p class=\"elementor-heading-title elementor-size-default\">Implementamos medidas t\u00e9cnicas y organizativas para proteger su informaci\u00f3n: <br>\n1.\tAlmacenamiento en servidores seguros con cifrado.<br>\n2.\tProtecci\u00f3n de transacciones financieras con tecnolog\u00eda de cifrado SSL.<br>\n3.\tAcceso restringido a la informaci\u00f3n personal.<br>\n4.\tSin embargo, debido a la naturaleza de Internet, no podemos garantizar la seguridad total de los datos transmitidos.<br>\n<\/p>\t\t\t\t<\/div>\n\t\t\t\t<\/div>\n\t\t\t\t<div class=\"elementor-element elementor-element-5d209c5 elementor-widget elementor-widget-heading\" data-id=\"5d209c5\" data-element_type=\"widget\" data-e-type=\"widget\" data-widget_type=\"heading.default\">\n\t\t\t\t<div class=\"elementor-widget-container\">\n\t\t\t\t\t<h3 class=\"elementor-heading-title elementor-size-default\">H. Enmiendas<\/h3>\t\t\t\t<\/div>\n\t\t\t\t<\/div>\n\t\t\t\t<div class=\"elementor-element elementor-element-e1ead81 elementor-widget elementor-widget-heading\" data-id=\"e1ead81\" data-element_type=\"widget\" data-e-type=\"widget\" data-widget_type=\"heading.default\">\n\t\t\t\t<div class=\"elementor-widget-container\">\n\t\t\t\t\t<p class=\"elementor-heading-title elementor-size-default\">Es posible que actualicemos esta pol\u00edtica de vez en cuando al publicar una nueva versi\u00f3n en nuestro sitio web. Usted debe comprobar ocasionalmente esta p\u00e1gina para asegurarse de que entiende cualquier cambio a esta pol\u00edtica. Es posible que le notifiquemos de cambios a esta pol\u00edtica a trav\u00e9s de correo electr\u00f3nico o a trav\u00e9s del sistema de mensajer\u00eda privada de nuestro sitio web.<\/p>\t\t\t\t<\/div>\n\t\t\t\t<\/div>\n\t\t\t\t<div class=\"elementor-element elementor-element-6c6cde6 elementor-widget elementor-widget-heading\" data-id=\"6c6cde6\" data-element_type=\"widget\" data-e-type=\"widget\" data-widget_type=\"heading.default\">\n\t\t\t\t<div class=\"elementor-widget-container\">\n\t\t\t\t\t<h3 class=\"elementor-heading-title elementor-size-default\">I. Sus derechos<\/h3>\t\t\t\t<\/div>\n\t\t\t\t<\/div>\n\t\t\t\t<div class=\"elementor-element elementor-element-7326143 elementor-widget elementor-widget-heading\" data-id=\"7326143\" data-element_type=\"widget\" data-e-type=\"widget\" data-widget_type=\"heading.default\">\n\t\t\t\t<div class=\"elementor-widget-container\">\n\t\t\t\t\t<p class=\"elementor-heading-title elementor-size-default\">Usted tiene derecho a: <br>\n\u2022\tAcceder, rectificar o eliminar su informaci\u00f3n personal.<br>\n\u2022\tRetirar su consentimiento para el procesamiento de datos.<br>\n\u2022\tSolicitar la limitaci\u00f3n o la oposici\u00f3n al tratamiento de sus datos.<br>\n\u2022\tRecibir una copia de su informaci\u00f3n en un formato estructurado.<br><br>\nPara ejercer estos derechos, cont\u00e1ctenos en contacto@marfdisegno.com. Podr\u00eda requerirse verificaci\u00f3n de identidad.\n<\/p>\t\t\t\t<\/div>\n\t\t\t\t<\/div>\n\t\t\t\t<div class=\"elementor-element elementor-element-a267449 elementor-widget elementor-widget-heading\" data-id=\"a267449\" data-element_type=\"widget\" data-e-type=\"widget\" data-widget_type=\"heading.default\">\n\t\t\t\t<div class=\"elementor-widget-container\">\n\t\t\t\t\t<h3 class=\"elementor-heading-title elementor-size-default\">J. Sitios web de terceros<\/h3>\t\t\t\t<\/div>\n\t\t\t\t<\/div>\n\t\t\t\t<div class=\"elementor-element elementor-element-d5c7fdb elementor-widget elementor-widget-heading\" data-id=\"d5c7fdb\" data-element_type=\"widget\" data-e-type=\"widget\" data-widget_type=\"heading.default\">\n\t\t\t\t<div class=\"elementor-widget-container\">\n\t\t\t\t\t<p class=\"elementor-heading-title elementor-size-default\">Nuestro sitio web incluye hiperenlaces a, e informaci\u00f3n de, sitios web de terceros. No tenemos control ni somos responsables por las pol\u00edticas de privacidad y pr\u00e1cticas de terceros.<\/p>\t\t\t\t<\/div>\n\t\t\t\t<\/div>\n\t\t\t\t<div class=\"elementor-element elementor-element-a19912e elementor-widget elementor-widget-heading\" data-id=\"a19912e\" data-element_type=\"widget\" data-e-type=\"widget\" data-widget_type=\"heading.default\">\n\t\t\t\t<div class=\"elementor-widget-container\">\n\t\t\t\t\t<h3 class=\"elementor-heading-title elementor-size-default\">K. Actualizaci\u00f3n de informaci\u00f3n<\/h3>\t\t\t\t<\/div>\n\t\t\t\t<\/div>\n\t\t\t\t<div class=\"elementor-element elementor-element-0c82616 elementor-widget elementor-widget-heading\" data-id=\"0c82616\" data-element_type=\"widget\" data-e-type=\"widget\" data-widget_type=\"heading.default\">\n\t\t\t\t<div class=\"elementor-widget-container\">\n\t\t\t\t\t<p class=\"elementor-heading-title elementor-size-default\">Por favor, inf\u00f3rmenos si la informaci\u00f3n personal que tenemos de usted necesita ser corregida o actualizada.<\/p>\t\t\t\t<\/div>\n\t\t\t\t<\/div>\n\t\t\t\t<div class=\"elementor-element elementor-element-1f2ec39 elementor-widget elementor-widget-heading\" data-id=\"1f2ec39\" data-element_type=\"widget\" data-e-type=\"widget\" data-widget_type=\"heading.default\">\n\t\t\t\t<div class=\"elementor-widget-container\">\n\t\t\t\t\t<h3 class=\"elementor-heading-title elementor-size-default\">L. Galletas inform\u00e1ticas (Cookies)<\/h3>\t\t\t\t<\/div>\n\t\t\t\t<\/div>\n\t\t\t\t<div class=\"elementor-element elementor-element-89e28a6 elementor-widget elementor-widget-heading\" data-id=\"89e28a6\" data-element_type=\"widget\" data-e-type=\"widget\" data-widget_type=\"heading.default\">\n\t\t\t\t<div class=\"elementor-widget-container\">\n\t\t\t\t\t<p class=\"elementor-heading-title elementor-size-default\">Nuestro sitio utiliza cookies para mejorar la experiencia del usuario. Las cookies pueden ser: <br>\n\u2022\tPersistentes: Se almacenan en su dispositivo hasta que expiran o se eliminan.<br>\n\u2022\tDe sesi\u00f3n: Se eliminan al cerrar el navegador. <br><br>\nUsamos cookies para:<br>\n\u2022\tRecordar preferencias del usuario.<br>\n\u2022\tAnalizar el tr\u00e1fico del sitio (Google Analytics).<br>\n\u2022\tMejorar la seguridad y funcionalidad.<br><br>\nPuede gestionar las cookies desde la configuraci\u00f3n de su navegador.\n<\/p>\t\t\t\t<\/div>\n\t\t\t\t<\/div>\n\t\t\t\t<div class=\"elementor-element elementor-element-fc88fd9 elementor-widget elementor-widget-heading\" data-id=\"fc88fd9\" data-element_type=\"widget\" data-e-type=\"widget\" data-widget_type=\"heading.default\">\n\t\t\t\t<div class=\"elementor-widget-container\">\n\t\t\t\t\t<h3 class=\"elementor-heading-title elementor-size-default\">M. Cambios en esta Pol\u00edtica<\/h3>\t\t\t\t<\/div>\n\t\t\t\t<\/div>\n\t\t\t\t<div class=\"elementor-element elementor-element-66a6ec3 elementor-widget elementor-widget-heading\" data-id=\"66a6ec3\" data-element_type=\"widget\" data-e-type=\"widget\" data-widget_type=\"heading.default\">\n\t\t\t\t<div class=\"elementor-widget-container\">\n\t\t\t\t\t<p class=\"elementor-heading-title elementor-size-default\">Nos reservamos el derecho de actualizar esta pol\u00edtica cuando sea necesario. Los cambios ser\u00e1n notificados en esta p\u00e1gina o mediante otros canales apropiados.<\/p>\t\t\t\t<\/div>\n\t\t\t\t<\/div>\n\t\t\t\t<div class=\"elementor-element elementor-element-ec86923 elementor-widget elementor-widget-heading\" data-id=\"ec86923\" data-element_type=\"widget\" data-e-type=\"widget\" data-widget_type=\"heading.default\">\n\t\t\t\t<div class=\"elementor-widget-container\">\n\t\t\t\t\t<h3 class=\"elementor-heading-title elementor-size-default\">Contacto<\/h3>\t\t\t\t<\/div>\n\t\t\t\t<\/div>\n\t\t\t\t<div class=\"elementor-element elementor-element-84a0e58 elementor-widget elementor-widget-heading\" data-id=\"84a0e58\" data-element_type=\"widget\" data-e-type=\"widget\" data-widget_type=\"heading.default\">\n\t\t\t\t<div class=\"elementor-widget-container\">\n\t\t\t\t\t<p class=\"elementor-heading-title elementor-size-default\">Si tiene preguntas sobre esta pol\u00edtica o desea ejercer sus derechos, cont\u00e1ctenos al correo electr\u00f3nico contacto@marfdisegno.com o mediante el formulario que se encuentra en  <a href=\"https:\/\/marfdisegno.com\/contacto\/\">la p\u00e1gina de contacto<\/a><\/p>\t\t\t\t<\/div>\n\t\t\t\t<\/div>\n\t\t\t\t<div class=\"elementor-element elementor-element-15f9c90 elementor-widget elementor-widget-heading\" data-id=\"15f9c90\" data-element_type=\"widget\" data-e-type=\"widget\" data-widget_type=\"heading.default\">\n\t\t\t\t<div class=\"elementor-widget-container\">\n\t\t\t\t\t<h3 class=\"elementor-heading-title elementor-size-default\">\u00daltima actualizaci\u00f3n y entrada en vigor: 01 - I - 2025<\/h3>\t\t\t\t<\/div>\n\t\t\t\t<\/div>\n\t\t\t\t<div class=\"elementor-element elementor-element-f1bc778 elementor-align-center elementor-widget elementor-widget-button\" data-id=\"f1bc778\" data-element_type=\"widget\" data-e-type=\"widget\" data-widget_type=\"button.default\">\n\t\t\t\t<div class=\"elementor-widget-container\">\n\t\t\t\t\t\t\t\t\t<div class=\"elementor-button-wrapper\">\n\t\t\t\t\t<a class=\"elementor-button elementor-button-link elementor-size-sm\" href=\"https:\/\/marfdisegno.com\/terminos-y-condiciones\/\">\n\t\t\t\t\t\t<span class=\"elementor-button-content-wrapper\">\n\t\t\t\t\t\t<span class=\"elementor-button-icon\">\n\t\t\t\t<i aria-hidden=\"true\" class=\"fas fa-arrow-right\"><\/i>\t\t\t<\/span>\n\t\t\t\t\t\t\t\t\t<span class=\"elementor-button-text\">Ver T\u00e9rminos y Condiciones<\/span>\n\t\t\t\t\t<\/span>\n\t\t\t\t\t<\/a>\n\t\t\t\t<\/div>\n\t\t\t\t\t\t\t\t<\/div>\n\t\t\t\t<\/div>\n\t\t\t\t\t<\/div>\n\t\t<\/div>\n\t\t\t\t\t<\/div>\n\t\t<\/section>\n\t\t\t\t<\/div>\n\t\t","protected":false},"excerpt":{"rendered":"<p>V\u00e1lida a contar del 1 de enero de 2025 Pol\u00edtica de Privacidad A. Introducci\u00f3n En Marf Disegno la privacidad de nuestros usuarios es de suma importancia. Estamos comprometidos a proteger y gestionar de manera transparente la informaci\u00f3n personal que recopilamos. Esta pol\u00edtica detalla c\u00f3mo recopilamos, utilizamos y protegemos su informaci\u00f3n personal, as\u00ed como sus derechos [&hellip;]<\/p>\n","protected":false},"author":1,"featured_media":4112,"parent":0,"menu_order":0,"comment_status":"closed","ping_status":"closed","template":"elementor_header_footer","meta":{"footnotes":""},"class_list":["post-4110","page","type-page","status-publish","has-post-thumbnail","hentry"],"_links":{"self":[{"href":"https:\/\/marfdisegno.com\/es\/wp-json\/wp\/v2\/pages\/4110","targetHints":{"allow":["GET"]}}],"collection":[{"href":"https:\/\/marfdisegno.com\/es\/wp-json\/wp\/v2\/pages"}],"about":[{"href":"https:\/\/marfdisegno.com\/es\/wp-json\/wp\/v2\/types\/page"}],"author":[{"embeddable":true,"href":"https:\/\/marfdisegno.com\/es\/wp-json\/wp\/v2\/users\/1"}],"replies":[{"embeddable":true,"href":"https:\/\/marfdisegno.com\/es\/wp-json\/wp\/v2\/comments?post=4110"}],"version-history":[{"count":174,"href":"https:\/\/marfdisegno.com\/es\/wp-json\/wp\/v2\/pages\/4110\/revisions"}],"predecessor-version":[{"id":16667,"href":"https:\/\/marfdisegno.com\/es\/wp-json\/wp\/v2\/pages\/4110\/revisions\/16667"}],"wp:featuredmedia":[{"embeddable":true,"href":"https:\/\/marfdisegno.com\/es\/wp-json\/wp\/v2\/media\/4112"}],"wp:attachment":[{"href":"https:\/\/marfdisegno.com\/es\/wp-json\/wp\/v2\/media?parent=4110"}],"curies":[{"name":"wp","href":"https:\/\/api.w.org\/{rel}","templated":true}]}}